{"id":58,"date":"2020-11-05T23:20:47","date_gmt":"2020-11-05T23:20:47","guid":{"rendered":"https:\/\/totolecshow.com\/siteinterior\/?page_id=58"},"modified":"2025-02-26T17:06:05","modified_gmt":"2025-02-26T17:06:05","slug":"regulamento","status":"publish","type":"page","link":"https:\/\/totolecshow.com\/siteinterior\/regulamento\/","title":{"rendered":"regulamento"},"content":{"rendered":"\t\t<div data-elementor-type=\"wp-page\" data-elementor-id=\"58\" class=\"elementor elementor-58\" data-elementor-settings=\"[]\">\n\t\t\t\t\t\t<div class=\"elementor-inner\">\n\t\t\t\t\t\t\t<div class=\"elementor-section-wrap\">\n\t\t\t\t\t\t\t<section class=\"elementor-section elementor-top-section elementor-element elementor-element-1da7d6d1 elementor-section-boxed elementor-section-height-default elementor-section-height-default\" data-id=\"1da7d6d1\" data-element_type=\"section\">\n\t\t\t\t\t\t<div class=\"elementor-container elementor-column-gap-default\">\n\t\t\t\t\t\t\t<div class=\"elementor-row\">\n\t\t\t\t\t<div class=\"aux-parallax-section elementor-column elementor-col-25 elementor-top-column elementor-element elementor-element-615ad008\" data-id=\"615ad008\" data-element_type=\"column\">\n\t\t\t<div class=\"elementor-column-wrap\">\n\t\t\t\t\t\t\t<div class=\"elementor-widget-wrap\">\n\t\t\t\t\t\t\t\t<\/div>\n\t\t\t\t\t<\/div>\n\t\t<\/div>\n\t\t\t\t<div class=\"aux-parallax-section elementor-column elementor-col-50 elementor-top-column elementor-element elementor-element-62501c20\" data-id=\"62501c20\" data-element_type=\"column\">\n\t\t\t<div class=\"elementor-column-wrap elementor-element-populated\">\n\t\t\t\t\t\t\t<div class=\"elementor-widget-wrap\">\n\t\t\t\t\t\t<div class=\"elementor-element elementor-element-51e8791 elementor-widget elementor-widget-text-editor\" data-id=\"51e8791\" data-element_type=\"widget\" data-widget_type=\"text-editor.default\">\n\t\t\t\t<div class=\"elementor-widget-container\">\n\t\t\t\t\t<div class=\"elementor-text-editor elementor-clearfix\"><p>Regulamento<\/p><\/div>\n\t\t\t\t<\/div>\n\t\t\t\t<\/div>\n\t\t\t\t<div class=\"elementor-element elementor-element-3f2cb015 elementor-widget elementor-widget-text-editor\" data-id=\"3f2cb015\" data-element_type=\"widget\" data-widget_type=\"text-editor.default\">\n\t\t\t\t<div class=\"elementor-widget-container\">\n\t\t\t\t\t<div class=\"elementor-text-editor elementor-clearfix\"><div class=\"page\" title=\"Page 1\"><div class=\"section\"><div class=\"layoutArea\"><div class=\"column\"><p>LOTERIA ESTADUAL DO CEAR\u00c1 &#8211; Criada pela Lei Estadual n\u00ba 52, de 7 de novembro de 1947, e<br \/>ratificada pelo Decreto Federal n\u00ba 25.118, de 22 de junho de 1948, e pelo Decreto Federal n\u00ba<br \/>58.668, de 17 de junho de 1966. TOTOLEC SHOW &#8211; Autorizado pela Lei Federal n\u00ba 6.717, de 12<br \/>de novembro de 1979, regido pelo Decreto-Lei n\u00ba 204, de 27 de fevereiro de 1967, e<br \/>regulamentado pela Loteria Estadual do Cear\u00e1. REGULAMENTO &#8211; CONCURSO DE PROGN\u00d3STICOS<br \/>sobre o resultado de sorteios de n\u00fameros, promovido em datas prefixadas com distribui\u00e7\u00e3o de<br \/>pr\u00eamios mediante rateio. Este sorteio ser\u00e1 realizado com bolas numeradas de 1 (um) a 50<br \/>(cinquenta), contendo neste bilhete uma combina\u00e7\u00e3o de 20 (vinte) n\u00fameros entre si. Ser\u00e1(\u00e3o)<br \/>considerado(s) ganhador(es) dos 1\u00ba, 2\u00ba e 3\u00ba pr\u00eamios o(s) bilhete(s) que primeiro completar(em)<br \/>a combina\u00e7\u00e3o dos 20 (vinte) n\u00fameros de acordo com a extra\u00e7\u00e3o das bolas sorteadas<br \/>aleatoriamente, atrav\u00e9s de um globo l\u00fadico, em local, hora e data determinados na frente deste<br \/>bilhete, <strong>que traz tamb\u00e9m registrado o pre\u00e7o de venda de R$ 5,00(cinco reais).<\/strong><\/p><p>1 \u2013Nos sorteios a chamada de bolas \u00e9 feita de modo intermitente at\u00e9 que haja um ou mais<br \/>bilhetes ganhadores. Ocorrendo mais de um ganhador, mesmo que em um \u00fanico bilhete, o<br \/>pr\u00eamio ser\u00e1 dividido em partes iguais ou, se indivis\u00edvel, estabelecida propriedade comum, n\u00e3o<br \/>tendo o TOTOLEC inger\u00eancia no desfazimento do condom\u00ednio.<\/p><p>2 &#8211; PR\u00caMIO EXTRA \u2013 O comprador que tiver adquirido duas ou mais cartelas exclusivamente em<br \/>seu nome, e for ganhador do 1\u00ba e 2\u00ba pr\u00eamio, ser\u00e1 contemplado com um pr\u00eamio extra conforme<br \/>valor estabelecido na cartela, em sua respectiva data e extra\u00e7\u00e3o. Havendo mais de uma cartela<br \/>vencedora, o pr\u00eamio extra ser\u00e1 dividido em partes iguais. O TOTOLEC se reserva o direito de<br \/>estabelecer as regras a cada extra\u00e7\u00e3o para a contempla\u00e7\u00e3o do PR\u00caMIO EXTRA.<\/p><p>&#8211; Para o sorteio dos contemplados do 3\u00ba ao 5\u00ba pr\u00eamio (GIRO DA SORTE NORTE E<br \/>GIRO DA SORTE SUL) ser\u00e3o sorteados pr\u00eamios diversos, que variam de acordo com<br \/>cada extra\u00e7\u00e3o, estando estes representados no bilhete de cada sorteio, em sua respectiva<br \/>data e extra\u00e7\u00e3o, sendo realizada a apura\u00e7\u00e3o de cada pr\u00eamio por meio eletr\u00f4nico, de 1 (um)<br \/>n\u00famero aleat\u00f3rio entre os bilhetes vendidos.<\/p><p>3 \u2013 Os sorteios dos contemplados da RODADA DA SORTE do TOTOLEC INTERIOR<br \/>ser\u00e3o realizados por meio eletr\u00f4nico, de forma aleat\u00f3ria, entre os bilhetes vendidos,<br \/>divididos da seguinte forma: a apura\u00e7\u00e3o de 4 (quatro) RODADAS DA SORTE, com 10<br \/>(dez) sorteios de R$ 500,00 cada, totalizando 40 pr\u00eamios, sendo 20 (vinte) pr\u00eamios para<br \/>o TOTOLEC NORTE e 20 (pr\u00eamios), para o TOTOLEC SUL.<\/p><p>4 \u2013 O controle dos sorteios ser\u00e1 realizado atrav\u00e9s de computadores, possibilitando, de forma<br \/>imediata, a confer\u00eancia dos bilhetes vendidos e o(s) ganhador(es) anunciado(s) ao final do(s)<br \/>sorteio(s). Na impossibilidade de anunciar o(s) nome(s) do(s) ganhador(es) ou o(s) n\u00famero(s)<br \/>do(s) bilhete(s) no sorteio, este(s) ser\u00e1(\u00e3o) divulgado(s) nos meios de comunica\u00e7\u00e3o e pontos de<br \/>venda.<\/p><p>5 \u2013 O sistema permite ao(s) participante(s) concorrer(em) ao(s) sorteio(s) do(s) pr\u00eamio(s)<br \/>mesmo que esteja(m) impossibilitado(s) de conferir seu(s) bilhete(s). O resultado do sorteio ser\u00e1<br \/>divulgado nos pontos de venda e na internet, no site www.totolec.com.br, at\u00e9 o quinto dia \u00fatil<br \/>subsequente ao dia do sorteio.<\/p><p>6 &#8211; A entrega dos pr\u00eamios aos ganhadores deste concurso ser\u00e1 realizada at\u00e9 o quarto dia \u00fatil<br \/>subsequente ao dia do sorteio. Os portadores dos bilhetes contemplados ter\u00e3o o prazo de 90<br \/>(noventa) dias, contados da data de realiza\u00e7\u00e3o dos sorteios, para reclamar ou procurar seus<br \/>pr\u00eamios na sede da Distribuidora, localizada na rua Edgar Borges, 19, Centro \u2013 Fortaleza \u2013 Fone<br \/>(85) 3231.2111, munidos do bilhete (sem rasura) e com identifica\u00e7\u00e3o pessoal<br \/>(CPF\/RG\/COMPROVANTE DE ENDERE\u00c7O).<\/p><p>7 &#8211; Fica vetada a participa\u00e7\u00e3o de menores de 18 (dezoito) anos, os quais, entretanto, poder\u00e3o<br \/>figurar como benefici\u00e1rios, desde que os bilhetes sejam adquiridos por adultos devidamente<br \/>identificados.<\/p><p>8 &#8211; Quando da aquisi\u00e7\u00e3o do bilhete, o apostador est\u00e1 automaticamente autorizando o uso de<br \/>sua imagem em material de publicidade utilizado nos sorteios e na entrega de pr\u00eamios, sem<br \/>b\u00f4nus.<\/p><p>9 &#8211; O comprador do bilhete lan\u00e7ar\u00e1, obrigatoriamente, no respectivo cupom destac\u00e1vel para<br \/>processamento, seu nome completo, endere\u00e7o e CPF. N\u00e3o haver\u00e1, entretanto, preju\u00edzo para o<br \/>ganhador que n\u00e3o lan\u00e7ou todos os dados pessoais solicitados se n\u00e3o houver d\u00favida sobre sua<br \/>identifica\u00e7\u00e3o.<\/p><p>10 &#8211; A PREMIA\u00c7\u00c3O EM DINHEIRO: a premia\u00e7\u00e3o deste concurso, em dinheiro, ser\u00e1 paga em<br \/>dinheiro esp\u00e9cie ou atrav\u00e9s de cheque nominal ao ganhador. PREMIA\u00c7\u00c3O EM BENS M\u00d3VEIS OU<br \/>IM\u00d3VEIS: \u00e9 facultativa exclusivamente ao TOTOLEC SHOW a entrega de bens m\u00f3veis ou im\u00f3veis<br \/>deste concurso ou o seu pagamento em dinheiro esp\u00e9cie ou atrav\u00e9s de cheque nominal ao<br \/>ganhador. Reservamo-nos o direito de corrigir eventuais falhas de impress\u00e3o e\/ou erros de<br \/>digita\u00e7\u00e3o.<\/p><p>11 &#8211; A participa\u00e7\u00e3o do apostador no concurso implica o conhecimento e a aceita\u00e7\u00e3o da legisla\u00e7\u00e3o<br \/>pertinente ao regulamento e \u00e0s normas do mesmo. Qualquer defeito de impress\u00e3o deste bilhete<br \/>dar\u00e1 direito ao portador de troc\u00e1-lo, sem \u00f4nus, em qualquer revendedor autorizado.<\/p><\/div><\/div><\/div><\/div><\/div>\n\t\t\t\t<\/div>\n\t\t\t\t<\/div>\n\t\t\t\t\t\t<\/div>\n\t\t\t\t\t<\/div>\n\t\t<\/div>\n\t\t\t\t<div class=\"aux-parallax-section elementor-column elementor-col-25 elementor-top-column elementor-element elementor-element-6010c7e8\" data-id=\"6010c7e8\" data-element_type=\"column\">\n\t\t\t<div class=\"elementor-column-wrap\">\n\t\t\t\t\t\t\t<div class=\"elementor-widget-wrap\">\n\t\t\t\t\t\t\t\t<\/div>\n\t\t\t\t\t<\/div>\n\t\t<\/div>\n\t\t\t\t\t\t\t\t<\/div>\n\t\t\t\t\t<\/div>\n\t\t<\/section>\n\t\t\t\t\t\t<\/div>\n\t\t\t\t\t\t<\/div>\n\t\t\t\t\t<\/div>\n\t\t","protected":false},"excerpt":{"rendered":"<p>Regulamento LOTERIA ESTADUAL DO CEAR\u00c1 &#8211; Criada pela Lei Estadual n\u00ba 52, de 7 de novembro de 1947, eratificada pelo Decreto Federal n\u00ba 25.118, de 22 de junho de 1948, e pelo Decreto Federal n\u00ba58.668, de 17 de junho de 1966. TOTOLEC SHOW &#8211; Autorizado pela Lei Federal n\u00ba 6.717, de 12de novembro de 1979, [&hellip;]<\/p>\n","protected":false},"author":1,"featured_media":0,"parent":0,"menu_order":0,"comment_status":"closed","ping_status":"closed","template":"","meta":[],"_links":{"self":[{"href":"https:\/\/totolecshow.com\/siteinterior\/wp-json\/wp\/v2\/pages\/58"}],"collection":[{"href":"https:\/\/totolecshow.com\/siteinterior\/wp-json\/wp\/v2\/pages"}],"about":[{"href":"https:\/\/totolecshow.com\/siteinterior\/wp-json\/wp\/v2\/types\/page"}],"author":[{"embeddable":true,"href":"https:\/\/totolecshow.com\/siteinterior\/wp-json\/wp\/v2\/users\/1"}],"replies":[{"embeddable":true,"href":"https:\/\/totolecshow.com\/siteinterior\/wp-json\/wp\/v2\/comments?post=58"}],"version-history":[{"count":25,"href":"https:\/\/totolecshow.com\/siteinterior\/wp-json\/wp\/v2\/pages\/58\/revisions"}],"predecessor-version":[{"id":4779,"href":"https:\/\/totolecshow.com\/siteinterior\/wp-json\/wp\/v2\/pages\/58\/revisions\/4779"}],"wp:attachment":[{"href":"https:\/\/totolecshow.com\/siteinterior\/wp-json\/wp\/v2\/media?parent=58"}],"curies":[{"name":"wp","href":"https:\/\/api.w.org\/{rel}","templated":true}]}}