{"id":858,"date":"2021-07-08T19:25:44","date_gmt":"2021-07-08T19:25:44","guid":{"rendered":"https:\/\/totolecshow.com\/siteshow\/?page_id=858"},"modified":"2021-07-08T19:31:16","modified_gmt":"2021-07-08T19:31:16","slug":"termodeuso","status":"publish","type":"page","link":"https:\/\/totolecshow.com\/siteshow\/termodeuso\/","title":{"rendered":"termo de uso"},"content":{"rendered":"\t\t<div data-elementor-type=\"wp-page\" data-elementor-id=\"858\" class=\"elementor elementor-858\" data-elementor-settings=\"[]\">\n\t\t\t\t\t\t<div class=\"elementor-inner\">\n\t\t\t\t\t\t\t<div class=\"elementor-section-wrap\">\n\t\t\t\t\t\t\t<section class=\"elementor-section elementor-top-section elementor-element elementor-element-49b4b1f elementor-section-boxed elementor-section-height-default elementor-section-height-default\" data-id=\"49b4b1f\" data-element_type=\"section\">\n\t\t\t\t\t\t<div class=\"elementor-container elementor-column-gap-default\">\n\t\t\t\t\t\t\t<div class=\"elementor-row\">\n\t\t\t\t\t<div class=\"aux-parallax-section elementor-column elementor-col-25 elementor-top-column elementor-element elementor-element-ece623b\" data-id=\"ece623b\" data-element_type=\"column\">\n\t\t\t<div class=\"elementor-column-wrap\">\n\t\t\t\t\t\t\t<div class=\"elementor-widget-wrap\">\n\t\t\t\t\t\t\t\t<\/div>\n\t\t\t\t\t<\/div>\n\t\t<\/div>\n\t\t\t\t<div class=\"aux-parallax-section elementor-column elementor-col-50 elementor-top-column elementor-element elementor-element-9e47828\" data-id=\"9e47828\" data-element_type=\"column\">\n\t\t\t<div class=\"elementor-column-wrap elementor-element-populated\">\n\t\t\t\t\t\t\t<div class=\"elementor-widget-wrap\">\n\t\t\t\t\t\t<div class=\"elementor-element elementor-element-2d81c40 elementor-widget elementor-widget-text-editor\" data-id=\"2d81c40\" data-element_type=\"widget\" data-widget_type=\"text-editor.default\">\n\t\t\t\t<div class=\"elementor-widget-container\">\n\t\t\t\t\t<div class=\"elementor-text-editor elementor-clearfix\"><p>TERMO DE USO DA PLATAFORMA TOTOLEC SHOW<\/p><\/div>\n\t\t\t\t<\/div>\n\t\t\t\t<\/div>\n\t\t\t\t<div class=\"elementor-element elementor-element-4c025ca elementor-widget elementor-widget-text-editor\" data-id=\"4c025ca\" data-element_type=\"widget\" data-widget_type=\"text-editor.default\">\n\t\t\t\t<div class=\"elementor-widget-container\">\n\t\t\t\t\t<div class=\"elementor-text-editor elementor-clearfix\"><p><strong>TERMOS<\/strong><\/p><p>Ao acessar ao site e\/ou plataforma TOTOLECSHOW, o usu\u00e1rio concorda em cumprir estes termos de servi\u00e7o, todas as leis e regulamentos aplic\u00e1veis \u200b\u200be concorda que \u00e9 respons\u00e1vel pelo cumprimento de todas as leis locais aplic\u00e1veis. Caso este n\u00e3o venha a concordar com algum desses termos, ficar\u00e1 restrito de utilizar a plataforma ou acessar o site. Os materiais contidos neste site s\u00e3o protegidos pelas leis de direitos autorais e marcas comerciais aplic\u00e1veis.<\/p><p>Os servi\u00e7os constantes deste termo se aplica para regular o uso do servi\u00e7o oferecido pela plataforma aos usu\u00e1rios, qual seja, possibilitar atrav\u00e9s do site ou aplicativo disponibilizado na Play Store (Android) e no IOS, realizem a utiliza\u00e7\u00e3o de recursos para aquisi\u00e7\u00e3o das respectivas cartelas.<\/p><p>A plataforma pode ser acessada por computadores, notebooks, smartphones ou tablets.<\/p><p><strong>CADASTRO<\/strong><\/p><p>O usu\u00e1rio para utilizar o servi\u00e7o acima descrito, dever\u00e1 ter capacidade jur\u00eddica para atos civis, ser maior de 18(dezoito) anos e dever\u00e1, necessariamente, prestar as informa\u00e7\u00f5es exigidas no cadastro, assumindo integralmente a responsabilidade (inclusive c\u00edvel e criminal) pela exatid\u00e3o, legitimidade e veracidade das informa\u00e7\u00f5es fornecidas que poder\u00e1 ser verificado, a qualquer momento.<\/p><p>Em caso de informa\u00e7\u00f5es incorretas, inver\u00eddicas ou n\u00e3o confirmadas, bem assim na hip\u00f3tese da negativa em corrigi-las ou enviar documenta\u00e7\u00e3o que comprove a corre\u00e7\u00e3o, o TOTOLEC SHOW, se reserva o direito de n\u00e3o concluir o cadastramento em curso ou, ainda, de bloquear o cadastro j\u00e1 existente, impedindo o usu\u00e1rio de utilizar os servi\u00e7os on-line at\u00e9 que, situa\u00e7\u00e3o de anomalia esteja regularizada. O TOTOLEC SHOW se reserva o direito de impedir, a seu crit\u00e9rio, novos cadastros, ou cancelar os j\u00e1 efetuados, em caso de ser detectada anomalia que, em sua an\u00e1lise, seja revestida de gravidade ou demonstre tentativa deliberada de burlar as regras aqui descritas, obrigat\u00f3rias para todos os usu\u00e1rios.<\/p><p>Efetuado, com sucesso, o cadastro, o usu\u00e1rio ter\u00e1 acesso ao site ou aplicativo do por meio de login e senha, dados esses que se compromete a n\u00e3o divulgar a terceiros, ficando sob sua exclusiva responsabilidade toda a navega\u00e7\u00e3o que seja feita com o uso de login e senha de sua titularidade.\u00a0<br \/>O cadastro \u00e9 pessoal e intransfer\u00edvel.<\/p><p>Com a cria\u00e7\u00e3o do cadastro, o usu\u00e1rio est\u00e1 manifestando expressamente sua vontade de aceita\u00e7\u00e3o expressa e inequ\u00edvoca deste termo, bem como do regulamento constante no site www.totolecshow.com, e da pol\u00edtica de privacidade.<\/p><p><strong>USO DA LICEN\u00c7A<\/strong><\/p><p>\u00c9 concedida permiss\u00e3o para baixar temporariamente uma c\u00f3pia dos materiais (informa\u00e7\u00f5es ou software) no site totolecshow , apenas para visualiza\u00e7\u00e3o transit\u00f3ria pessoal e n\u00e3o comercial. Esta \u00e9 a concess\u00e3o de uma licen\u00e7a, n\u00e3o uma transfer\u00eancia de t\u00edtulo e, sob esta licen\u00e7a, voc\u00ea n\u00e3o pode:\u00a0<br \/>\u2022 Modificar ou copiar os materiais;\u00a0 <br \/>\u2022 Usar os materiais para qualquer finalidade comercial ou para exibi\u00e7\u00e3o p\u00fablica (comercial ou n\u00e3o comercial);\u00a0 <br \/>\u2022 Tentar decompilar ou fazer engenharia reversa de qualquer software contido no site totolecshow;\u00a0 <br \/>\u2022 Remover quaisquer direitos autorais ou outras nota\u00e7\u00f5es de propriedade dos materiais; ou\u00a0 <br \/>\u2022 Transferir os materiais para outra pessoa ou &#8216;espelhe&#8217; os materiais em qualquer outro servidor.<br \/>Esta licen\u00e7a ser\u00e1 automaticamente rescindida se voc\u00ea violar alguma dessas restri\u00e7\u00f5es e poder\u00e1 ser rescindida por totolecshow a qualquer momento. Ao encerrar a visualiza\u00e7\u00e3o desses materiais ou ap\u00f3s o t\u00e9rmino desta licen\u00e7a, voc\u00ea deve apagar todos os materiais baixados em sua posse, seja em formato eletr\u00f4nico ou impresso.<\/p><p><strong>UTILIZA\u00c7\u00c3O DA PLATAFORMA E PAGAMENTO<\/strong><\/p><p>Uma vez cadastrado, o usu\u00e1rio poder\u00e1 navegar na plataforma.<\/p><p>O usu\u00e1rio poder\u00e1 escolher sua cartela podendo prosseguir com a compra.<\/p><p>As cartelas conter\u00e3o as informa\u00e7\u00f5es relativas a premia\u00e7\u00f5es, valor do t\u00edtulo, edi\u00e7\u00e3o e data de sorteio. Assim, deve o usu\u00e1rio observar atentamente \u00e0s informa\u00e7\u00f5es neles contidas. Uma vez adquirido a cartela, o usu\u00e1rio automaticamente anui a todos os termos que constam na citada cartela.<\/p><p>O pagamento da cartela \u00e9 processado por sistemas de pagamento eletr\u00f4nico que garantem total seguran\u00e7a nas transa\u00e7\u00f5es online.<\/p><p>A cartela do TOTOLEC SHOW s\u00f3 ser\u00e1 disponibilizada quando devidamente confirmado o seu pagamento. N\u00e3o ser\u00e1 entregue nenhuma via f\u00edsica do t\u00edtulo, cabendo ao usu\u00e1rio realizar a impress\u00e3o, caso deseje.<\/p><p>Sendo um dos contemplados, e tendo adquirido a cartela do TOTOLEC SHOW, dever\u00e1 o ganhador apresentar a documenta\u00e7\u00e3o exigida no regulamento.<\/p><p>A cartela do TOTOLEC SHOW dever\u00e1 ser adquirida atrav\u00e9s da plataforma at\u00e9 impreterivelmente, as 23h:59 do dia anterior \u00e0 data de realiza\u00e7\u00e3o do sorteio. Caso a compra seja efetuada ap\u00f3s este hor\u00e1rio, ele n\u00e3o concorrer\u00e1 ao sorteio e poder\u00e1 o usu\u00e1rio requerer o ressarcimento do valor.<\/p><p><strong>OBRIGA\u00c7\u00d5ES DO USU\u00c1RIO<\/strong><\/p><p>Efetuado com sucesso o cadastro do usu\u00e1rio, este se obriga a n\u00e3o divulgar a terceiros login e senha de acesso, nem permitir o uso de tais informa\u00e7\u00f5es por terceiros, responsabilizando-se pelas consequ\u00eancias do uso de login e senha de sua titularidade.<\/p><p>\u00a0\u00c9 obriga\u00e7\u00e3o do usu\u00e1rio o fornecimento de informa\u00e7\u00f5es cadastrais totalmente ver\u00eddicas e exatas, responsabilizando-se exclusiva e integralmente (em todas as searas jur\u00eddicas) por todo o conte\u00fado por si informado no item cadastro, mantendo atualizado e confirmado o endere\u00e7o para entrega dos produtos encomendados.<br \/>O usu\u00e1rio concorda com o uso das informa\u00e7\u00f5es, conforme descrito na pol\u00edtica de privacidade.<\/p><p>O usu\u00e1rio se obriga a n\u00e3o permitir que terceiros, ainda que filhos\/familiares\/etc., utilizem o seu cadastro, cabendo t\u00e3o somente a ele (o usu\u00e1rio cadastrado) o uso da plataforma.<\/p><p><strong>OBRIGA\u00c7\u00d5ES DA PLATAFORMA<\/strong><\/p><p>Em raz\u00e3o destes termos, a plataforma TOTOLEC SHOW obriga-se a: fornecer informa\u00e7\u00f5es certas, fidedignas, suficientes, claras e atualizadas dos sorteios; informar suficientemente sobre os meios habilitados para que os usu\u00e1rios realizem o pagamento; colocar \u00e0 disposi\u00e7\u00e3o dos usu\u00e1rios os termos de uso de forma atualizada.<\/p><p><strong>MODIFICA\u00c7\u00d5ES DESTE TERMO<\/strong><\/p><p>O presente termo de uso poder\u00e1, a qualquer tempo, ter seu conte\u00fado, ou parte dele, modificados para adequa\u00e7\u00f5es e inser\u00e7\u00f5es, sendo que as novas condi\u00e7\u00f5es dever\u00e3o ser visualizadas pelo usu\u00e1rio no momento de acesso a plataforma.<\/p><p><strong>ACEITA\u00c7\u00c3O DO TERMO DE USO<\/strong><\/p><p>O usu\u00e1rio declara ter lido, entendido e que aceita todas as regras, condi\u00e7\u00f5es e obriga\u00e7\u00f5es estabelecidas no presente termo, dando o seu consentimento geral e irrestrito.<\/p><p><strong>DISPOSI\u00c7\u00d5ES GERAIS<\/strong><\/p><p>Ao se cadastrar e utilizar a plataforma TOTOLEC SHOW, o usu\u00e1rio concorda e aceita, automaticamente, com a pol\u00edtica de privacidade, termos de uso e regulamento. Todos estes documentos se encontram dispon\u00edveis para visualiza\u00e7\u00e3o no aplicativo e no site. Caso discorde de qualquer termo, dever\u00e1 parar de utilizar a plataforma TOTOLEC SHOW.<\/p><p>O usu\u00e1rio autoriza, desde j\u00e1, atrav\u00e9s da aceita\u00e7\u00e3o destes termos de uso, a utiliza\u00e7\u00e3o do seu nome, voz e imagem para a divulga\u00e7\u00e3o dos produtos comercializados na plataforma e do TOTOLEC SHOW.<\/p><p>Ao criar uma conta e realizar o cadastro, o usu\u00e1rio concorda em receber e-mails, mensagens diretas do aplicativo e site (pushs ou pop-ups) e mensagens de textos informativas (SMS) como parte da opera\u00e7\u00e3o. Caso o usu\u00e1rio optar por n\u00e3o receber mais mensagens de texto (SMS) a qualquer momento poder\u00e1 entrar em contato disponibilizados no site e no aplicativo solicitando seu cancelamento.<\/p><p>O usu\u00e1rio desde j\u00e1 declara estar ciente que o servi\u00e7o poder\u00e1 estar sujeito a mau funcionamento e atrasos inerentes ao uso da Internet e de comunica\u00e7\u00f5es eletr\u00f4nicas, n\u00e3o podendo nada exigir da plataforma neste sentido.<\/p><p><strong>DA ELEI\u00c7\u00c3O DO FORO<\/strong><\/p><p>A presente pol\u00edtica de privacidade ser\u00e1 interpretada segundo a legisla\u00e7\u00e3o brasileira, no idioma portugu\u00eas, sendo eleito o Foro da Comarca da Comarca de Fortaleza\/CE para dirimir qualquer litigio, quest\u00e3o ou d\u00favida superveniente, com expressa ren\u00fancia de qualquer outro, por mais privilegiado que seja.<\/p><\/div>\n\t\t\t\t<\/div>\n\t\t\t\t<\/div>\n\t\t\t\t\t\t<\/div>\n\t\t\t\t\t<\/div>\n\t\t<\/div>\n\t\t\t\t<div class=\"aux-parallax-section elementor-column elementor-col-25 elementor-top-column elementor-element elementor-element-8c05a1e\" data-id=\"8c05a1e\" data-element_type=\"column\">\n\t\t\t<div class=\"elementor-column-wrap\">\n\t\t\t\t\t\t\t<div class=\"elementor-widget-wrap\">\n\t\t\t\t\t\t\t\t<\/div>\n\t\t\t\t\t<\/div>\n\t\t<\/div>\n\t\t\t\t\t\t\t\t<\/div>\n\t\t\t\t\t<\/div>\n\t\t<\/section>\n\t\t\t\t\t\t<\/div>\n\t\t\t\t\t\t<\/div>\n\t\t\t\t\t<\/div>\n\t\t","protected":false},"excerpt":{"rendered":"<p>TERMO DE USO DA PLATAFORMA TOTOLEC SHOW TERMOS Ao acessar ao site e\/ou plataforma TOTOLECSHOW, o usu\u00e1rio concorda em cumprir estes termos de servi\u00e7o, todas as leis e regulamentos aplic\u00e1veis \u200b\u200be concorda que \u00e9 respons\u00e1vel pelo cumprimento de todas as leis locais aplic\u00e1veis. Caso este n\u00e3o venha a concordar com algum desses termos, ficar\u00e1 restrito [&hellip;]<\/p>\n","protected":false},"author":1,"featured_media":0,"parent":0,"menu_order":0,"comment_status":"closed","ping_status":"closed","template":"","meta":[],"_links":{"self":[{"href":"https:\/\/totolecshow.com\/siteshow\/wp-json\/wp\/v2\/pages\/858"}],"collection":[{"href":"https:\/\/totolecshow.com\/siteshow\/wp-json\/wp\/v2\/pages"}],"about":[{"href":"https:\/\/totolecshow.com\/siteshow\/wp-json\/wp\/v2\/types\/page"}],"author":[{"embeddable":true,"href":"https:\/\/totolecshow.com\/siteshow\/wp-json\/wp\/v2\/users\/1"}],"replies":[{"embeddable":true,"href":"https:\/\/totolecshow.com\/siteshow\/wp-json\/wp\/v2\/comments?post=858"}],"version-history":[{"count":4,"href":"https:\/\/totolecshow.com\/siteshow\/wp-json\/wp\/v2\/pages\/858\/revisions"}],"predecessor-version":[{"id":868,"href":"https:\/\/totolecshow.com\/siteshow\/wp-json\/wp\/v2\/pages\/858\/revisions\/868"}],"wp:attachment":[{"href":"https:\/\/totolecshow.com\/siteshow\/wp-json\/wp\/v2\/media?parent=858"}],"curies":[{"name":"wp","href":"https:\/\/api.w.org\/{rel}","templated":true}]}}