{"id":863,"date":"2021-07-08T19:32:18","date_gmt":"2021-07-08T19:32:18","guid":{"rendered":"https:\/\/totolecshow.com\/siteshow\/?page_id=863"},"modified":"2021-07-08T19:38:25","modified_gmt":"2021-07-08T19:38:25","slug":"privacidade","status":"publish","type":"page","link":"https:\/\/totolecshow.com\/siteshow\/privacidade\/","title":{"rendered":"politica de privacidade"},"content":{"rendered":"\t\t<div data-elementor-type=\"wp-page\" data-elementor-id=\"863\" class=\"elementor elementor-863\" data-elementor-settings=\"[]\">\n\t\t\t\t\t\t<div class=\"elementor-inner\">\n\t\t\t\t\t\t\t<div class=\"elementor-section-wrap\">\n\t\t\t\t\t\t\t<section class=\"elementor-section elementor-top-section elementor-element elementor-element-49b4b1f elementor-section-boxed elementor-section-height-default elementor-section-height-default\" data-id=\"49b4b1f\" data-element_type=\"section\">\n\t\t\t\t\t\t<div class=\"elementor-container elementor-column-gap-default\">\n\t\t\t\t\t\t\t<div class=\"elementor-row\">\n\t\t\t\t\t<div class=\"aux-parallax-section elementor-column elementor-col-25 elementor-top-column elementor-element elementor-element-ece623b\" data-id=\"ece623b\" data-element_type=\"column\">\n\t\t\t<div class=\"elementor-column-wrap\">\n\t\t\t\t\t\t\t<div class=\"elementor-widget-wrap\">\n\t\t\t\t\t\t\t\t<\/div>\n\t\t\t\t\t<\/div>\n\t\t<\/div>\n\t\t\t\t<div class=\"aux-parallax-section elementor-column elementor-col-50 elementor-top-column elementor-element elementor-element-9e47828\" data-id=\"9e47828\" data-element_type=\"column\">\n\t\t\t<div class=\"elementor-column-wrap elementor-element-populated\">\n\t\t\t\t\t\t\t<div class=\"elementor-widget-wrap\">\n\t\t\t\t\t\t<div class=\"elementor-element elementor-element-2d81c40 elementor-widget elementor-widget-text-editor\" data-id=\"2d81c40\" data-element_type=\"widget\" data-widget_type=\"text-editor.default\">\n\t\t\t\t<div class=\"elementor-widget-container\">\n\t\t\t\t\t<div class=\"elementor-text-editor elementor-clearfix\"><p>POLITICA DE PRIVACIDADE<\/p><\/div>\n\t\t\t\t<\/div>\n\t\t\t\t<\/div>\n\t\t\t\t<div class=\"elementor-element elementor-element-4c025ca elementor-widget elementor-widget-text-editor\" data-id=\"4c025ca\" data-element_type=\"widget\" data-widget_type=\"text-editor.default\">\n\t\t\t\t<div class=\"elementor-widget-container\">\n\t\t\t\t\t<div class=\"elementor-text-editor elementor-clearfix\"><div class=\"page\" title=\"Page 1\"><div class=\"section\"><div class=\"layoutArea\"><div class=\"column\"><p>Esta Pol\u00edtica de Privacidade tece todas as regras sobre o uso, armazenamento e tratamento de dados e informa\u00e7\u00f5es coletadas durante o uso da plataforma TOTOLEC SHOW.<br \/><br \/>A sua privacidade \u00e9 muito importante para n\u00f3s. Portanto, solicitamos apenas as informa\u00e7\u00f5es pessoais quando da utiliza\u00e7\u00e3o dos servi\u00e7os desta plataforma ao realizar seu cadastro e\/ou alguma transa\u00e7\u00e3o, bem como interagir com as diversas op\u00e7\u00f5es existentes que necessitem informar dados ou entrar em contato pelos canais de comunica\u00e7\u00e3o existentes na plataforma.<\/p><p>Apenas retemos as informa\u00e7\u00f5es coletadas pelo tempo necess\u00e1rio para fornecer o servi\u00e7o solicitado. Quando armazenamos dados, estes ser\u00e3o feitos em ambiente seguro, observado o estado t\u00e9cnica dispon\u00edvel e criptografados, no af\u00e3 de evitar perdas e roubos, bem como acesso, divulga\u00e7\u00e3o, c\u00f3pia, uso ou modifica\u00e7\u00e3o n\u00e3o autorizados. Haja vista, que nenhum sistema de seguran\u00e7a \u00e9 totalmente seguro o TOTOLEC SHOW n\u00e3o se responsabiliza por eventuais falhas no sistema de inform\u00e1tica.<\/p><p>N\u00e3o compartilhamos informa\u00e7\u00f5es de identifica\u00e7\u00e3o pessoal publicamente ou com terceiros, exceto quando exigido por lei.<\/p><p>Os usu\u00e1rios ao efetuarem seu cadastro, os usu\u00e1rios devem possuir a idade m\u00ednima de 18(dezoito) anos e preencher todos os seus dados corretamente de forma completa a fim de que seja efetuado um melhor controle e avalia\u00e7\u00e3o no preenchimento dos dados, podendo serem utilizados para as seguintes finalidades: Efetuar qualquer comunica\u00e7\u00e3o resultante de atividade do pr\u00f3prio site ou a identifica\u00e7\u00e3o do respectivo destinat\u00e1rio; Responder a eventuais d\u00favidas e solicita\u00e7\u00f5es dos usu\u00e1rios; fornecer acesso as funcionalidades e \u00e1reas restritas do site; garantir a seguran\u00e7a dos usu\u00e1rios. Caso o usu\u00e1rio n\u00e3o queria receber e-mails do TOTOLEC SHOW, este deve clicar no link presente no e-mail enviado solicitando o seu n\u00e3o recebimento.<\/p><p>A plataforma poder\u00e1 ser acessada atrav\u00e9s de smartphones, tablets e computadores. Quando da utiliza\u00e7\u00e3o da plataforma o usu\u00e1rio aceita e consente de forma expressa que sejam seus dados coletados, sendo este livre para recusar qualquer solicita\u00e7\u00e3o de dados pessoais, havendo a possibilidade de n\u00e3o ter acesso a alguns servi\u00e7os desejados.<\/p><p>O TOTOLEC SHOW n\u00e3o solicita qualquer dado pessoal e\/ou qualquer informa\u00e7\u00e3o por telefone, e-mail ou outro meio de comunica\u00e7\u00e3o, al\u00e9m de n\u00e3o conter anexos para serem baixados, n\u00e3o devendo o usu\u00e1rio fornecer seus dados.<\/p><p>As atividades efetuadas pelo usu\u00e1rio poder\u00e3o ser registradas, por meio de LOGS, incluindo IP do usu\u00e1rio, Session ID do usu\u00e1rio, a\u00e7\u00f5es efetuadas pelo usu\u00e1rio dentro da plataforma, bem como data e hor\u00e1rio de cada a\u00e7\u00e3o e de acesso a funcionalidade da plataforma.<\/p><p><strong>COOKIES<\/strong><\/p><p>A plataforma poder\u00e1 utilizar cookies, cabendo ao usu\u00e1rio configurar seu navegador de internet se desejar bloque\u00e1-los ou baixar em seu computador para uma melhor experi\u00eancia. Em caso de n\u00e3o aceita\u00e7\u00e3o dos cookies as funcionalidades poder\u00e3o ser limitadas.<\/p><p>O usu\u00e1rio autoriza desde j\u00e1, no momento da aceita\u00e7\u00e3o desta Pol\u00edtica de Privacidade, o uso de cookies, em toda a atividade de uso que for realizada dentro da plataforma.<\/p><p><strong>DO USU\u00c1RIO<\/strong><\/p><p>O Usu\u00e1rio poder\u00e1 a qualquer momento alterar, modificar, e excluir seus dados pessoais sempre que efetuar acesso ao site.<\/p><p><strong>DA DISPOSI\u00c7\u00d5ES GERAIS<\/strong><\/p><p>As disposi\u00e7\u00f5es constantes desta Pol\u00edtica de Privacidade poder\u00e3o ser atualizadas ou modificadas a qualquer momento, cabendo ao usu\u00e1rio verifica-la sempre que efetuar o acesso a plataforma. O usu\u00e1rio dever\u00e1 entrar em contato em caso de qualquer d\u00favida atrav\u00e9s dos e-mails cadastrados no site, www.totolecshow.com.<\/p><p><strong>DA LEI APLIC\u00c1VEL<\/strong><\/p><p>A presente pol\u00edtica de privacidade ser\u00e1 interpretada segundo a legisla\u00e7\u00e3o brasileira, no idioma portugu\u00eas, sendo eleito o Foro da Comarca da Comarca de Fortaleza\/CE para dirimir qualquer litigio, quest\u00e3o ou d\u00favida superveniente, com expressa ren\u00fancia de qualquer outro , por mais privilegiado que seja.<\/p><\/div><\/div><\/div><\/div><\/div>\n\t\t\t\t<\/div>\n\t\t\t\t<\/div>\n\t\t\t\t\t\t<\/div>\n\t\t\t\t\t<\/div>\n\t\t<\/div>\n\t\t\t\t<div class=\"aux-parallax-section elementor-column elementor-col-25 elementor-top-column elementor-element elementor-element-8c05a1e\" data-id=\"8c05a1e\" data-element_type=\"column\">\n\t\t\t<div class=\"elementor-column-wrap\">\n\t\t\t\t\t\t\t<div class=\"elementor-widget-wrap\">\n\t\t\t\t\t\t\t\t<\/div>\n\t\t\t\t\t<\/div>\n\t\t<\/div>\n\t\t\t\t\t\t\t\t<\/div>\n\t\t\t\t\t<\/div>\n\t\t<\/section>\n\t\t\t\t\t\t<\/div>\n\t\t\t\t\t\t<\/div>\n\t\t\t\t\t<\/div>\n\t\t","protected":false},"excerpt":{"rendered":"<p>POLITICA DE PRIVACIDADE Esta Pol\u00edtica de Privacidade tece todas as regras sobre o uso, armazenamento e tratamento de dados e informa\u00e7\u00f5es coletadas durante o uso da plataforma TOTOLEC SHOW. A sua privacidade \u00e9 muito importante para n\u00f3s. Portanto, solicitamos apenas as informa\u00e7\u00f5es pessoais quando da utiliza\u00e7\u00e3o dos servi\u00e7os desta plataforma ao realizar seu cadastro e\/ou [&hellip;]<\/p>\n","protected":false},"author":1,"featured_media":0,"parent":0,"menu_order":0,"comment_status":"closed","ping_status":"closed","template":"","meta":[],"_links":{"self":[{"href":"https:\/\/totolecshow.com\/siteshow\/wp-json\/wp\/v2\/pages\/863"}],"collection":[{"href":"https:\/\/totolecshow.com\/siteshow\/wp-json\/wp\/v2\/pages"}],"about":[{"href":"https:\/\/totolecshow.com\/siteshow\/wp-json\/wp\/v2\/types\/page"}],"author":[{"embeddable":true,"href":"https:\/\/totolecshow.com\/siteshow\/wp-json\/wp\/v2\/users\/1"}],"replies":[{"embeddable":true,"href":"https:\/\/totolecshow.com\/siteshow\/wp-json\/wp\/v2\/comments?post=863"}],"version-history":[{"count":3,"href":"https:\/\/totolecshow.com\/siteshow\/wp-json\/wp\/v2\/pages\/863\/revisions"}],"predecessor-version":[{"id":866,"href":"https:\/\/totolecshow.com\/siteshow\/wp-json\/wp\/v2\/pages\/863\/revisions\/866"}],"wp:attachment":[{"href":"https:\/\/totolecshow.com\/siteshow\/wp-json\/wp\/v2\/media?parent=863"}],"curies":[{"name":"wp","href":"https:\/\/api.w.org\/{rel}","templated":true}]}}